{"id":426,"date":"2024-04-23T11:24:30","date_gmt":"2024-04-23T11:24:30","guid":{"rendered":"https:\/\/ongdikshaspain.com\/?page_id=426"},"modified":"2025-05-24T10:15:11","modified_gmt":"2025-05-24T10:15:11","slug":"apadrina","status":"publish","type":"page","link":"https:\/\/asociaciondiksha.com\/en\/apadrina\/","title":{"rendered":"Apadrina"},"content":{"rendered":"<p>[et_pb_section fb_built=\u00bb1&#8243; _builder_version=\u00bb4.24.3&#8243; _module_preset=\u00bbdefault\u00bb background_color=\u00bb#BD1D5A\u00bb global_colors_info=\u00bb{}\u00bb][et_pb_row _builder_version=\u00bb4.24.0&#8243; _module_preset=\u00bbdefault\u00bb global_colors_info=\u00bb{}\u00bb][et_pb_column type=\u00bb4_4&#8243; _builder_version=\u00bb4.24.0&#8243; _module_preset=\u00bbdefault\u00bb global_colors_info=\u00bb{}\u00bb][et_pb_heading title=\u00bbApadrinar\/Amadrinar\u00bb _builder_version=\u00bb4.24.3&#8243; _module_preset=\u00bbdefault\u00bb title_text_align=\u00bbcenter\u00bb title_text_color=\u00bb#FFFFFF\u00bb title_font_size=\u00bb50px\u00bb custom_margin=\u00bb||2px|||\u00bb custom_padding=\u00bb||0px||false|false\u00bb title_font_size_tablet=\u00bb42px\u00bb title_font_size_phone=\u00bb35px\u00bb title_font_size_last_edited=\u00bbon|phone\u00bb global_colors_info=\u00bb{}\u00bb][\/et_pb_heading][et_pb_text _builder_version=\u00bb4.24.3&#8243; _module_preset=\u00bbdefault\u00bb text_text_color=\u00bbrgba(255,255,255,0.58)\u00bb text_font_size=\u00bb30px\u00bb text_letter_spacing=\u00bb1px\u00bb text_orientation=\u00bbcenter\u00bb text_font_size_tablet=\u00bb28px\u00bb text_font_size_phone=\u00bb25px\u00bb text_font_size_last_edited=\u00bbon|phone\u00bb global_colors_info=\u00bb{}\u00bb]<\/p>\n<p><span>The Bond of Hope<\/span><\/p>\n<p>[\/et_pb_text][\/et_pb_column][\/et_pb_row][\/et_pb_section][et_pb_section fb_built=\u00bb1&#8243; admin_label=\u00bbHeader\u00bb _builder_version=\u00bb4.24.2&#8243; _module_preset=\u00bbdefault\u00bb background_color=\u00bb#f3f3f3&#8243; global_colors_info=\u00bb{}\u00bb][et_pb_row _builder_version=\u00bb4.24.3&#8243; _module_preset=\u00bbdefault\u00bb global_colors_info=\u00bb{}\u00bb][et_pb_column type=\u00bb4_4&#8243; _builder_version=\u00bb4.24.3&#8243; _module_preset=\u00bbdefault\u00bb global_colors_info=\u00bb{}\u00bb][et_pb_text _builder_version=\u00bb4.24.3&#8243; _module_preset=\u00bbdf96b77a-cd4f-44a8-a771-2d6347592b53&#8243; header_2_font=\u00bb||||||||\u00bb header_2_text_align=\u00bbcenter\u00bb header_2_text_color=\u00bb#873792&#8243; header_2_font_size=\u00bb50px\u00bb header_2_letter_spacing=\u00bb-0.02em\u00bb header_2_line_height=\u00bb1.15em\u00bb header_2_font_size_tablet=\u00bb42px\u00bb header_2_font_size_phone=\u00bb35px\u00bb header_2_font_size_last_edited=\u00bbon|phone\u00bb locked=\u00bboff\u00bb global_colors_info=\u00bb{}\u00bb]<\/p>\n<h2><span>With just \u20ac0.66 a day, you can transform lives and build a future full of hope<\/span><\/h2>\n<p>[\/et_pb_text][et_pb_text _builder_version=\u00bb4.24.3&#8243; _module_preset=\u00bb534cc526-6274-4e31-9e1a-7f18a5947bf1&#8243; header_4_font=\u00bbRaleway|700||on|||||\u00bb header_4_text_align=\u00bbcenter\u00bb header_4_text_color=\u00bbrgba(135,55,146,0.67)\u00bb header_4_font_size=\u00bb22px\u00bb header_4_letter_spacing=\u00bb1px\u00bb header_4_line_height=\u00bb1.5em\u00bb custom_margin=\u00bb||0px||false|false\u00bb header_4_font_size_tablet=\u00bb18px\u00bb header_4_font_size_phone=\u00bb17px\u00bb header_4_font_size_last_edited=\u00bbon|phone\u00bb locked=\u00bboff\u00bb global_colors_info=\u00bb{}\u00bb]<\/p>\n<h4>As Diksha's kids sponsor, you become the beacon of hope and guidance for a boy or girl in Rajasthan.<\/h4>\n<p>[\/et_pb_text][\/et_pb_column][\/et_pb_row][et_pb_row column_structure=\u00bb1_2,1_2&#8243; _builder_version=\u00bb4.24.3&#8243; _module_preset=\u00bbdefault\u00bb global_colors_info=\u00bb{}\u00bb][et_pb_column type=\u00bb1_2&#8243; _builder_version=\u00bb4.16&#8243; _module_preset=\u00bbdefault\u00bb global_colors_info=\u00bb{}\u00bb][et_pb_image src=\u00bbhttps:\/\/asociaciondiksha.com\/wp-content\/uploads\/2024\/02\/Informe-anual-ahijada-scaled.jpg\u00bb title_text=\u00bbInforme anual ahijada\u00bb _builder_version=\u00bb4.25.0&#8243; _module_preset=\u00bbdefault\u00bb locked=\u00bboff\u00bb global_colors_info=\u00bb{}\u00bb][\/et_pb_image][\/et_pb_column][et_pb_column type=\u00bb1_2&#8243; _builder_version=\u00bb4.16&#8243; _module_preset=\u00bbdefault\u00bb global_colors_info=\u00bb{}\u00bb][et_pb_text _builder_version=\u00bb4.25.0&#8243; _module_preset=\u00bb5ff55506-da7d-4dd7-b409-9d62c7203201&#8243; text_font=\u00bb||||||||\u00bb text_text_color=\u00bb#303030&#8243; text_font_size=\u00bb21px\u00bb text_letter_spacing=\u00bb2px\u00bb text_line_height=\u00bb1.6em\u00bb text_font_size_tablet=\u00bb18px\u00bb text_font_size_phone=\u00bb17px\u00bb text_font_size_last_edited=\u00bbon|phone\u00bb header_font_size_tablet=\u00bb55px\u00bb header_font_size_last_edited=\u00bboff|desktop\u00bb locked=\u00bboff\u00bb global_colors_info=\u00bb{}\u00bb]<\/p>\n<p>Your generosity provides vital resources such as education, healthcare and nutrition, also create a special bond with your sponsee. You will have the opportunity to communicate with them directly through letters, sharing your words of encouragement and support.<\/p>\n<p>[\/et_pb_text][et_pb_blurb title=\u00bbTu compromiso de 20 \u20ac al mes cambia una vida y construye un puente hacia un futuro lleno de potencial y alegria\u00bb use_icon=\u00bbon\u00bb font_icon=\u00bb&#xe089;||divi||400&#8243; icon_color=\u00bb#873792&#8243; icon_placement=\u00bbleft\u00bb content_max_width=\u00bb100%\u00bb _builder_version=\u00bb4.25.0&#8243; _module_preset=\u00bba947262d-0701-4077-825d-1385639c524f\u00bb header_font=\u00bb&#8211;et_global_body_font|600|||||||\u00bb header_text_color=\u00bb#000000&#8243; header_font_size=\u00bb21px\u00bb header_letter_spacing=\u00bb2px\u00bb header_line_height=\u00bb1.5em\u00bb body_font=\u00bbDM Sans||||||||\u00bb body_text_color=\u00bb#6b8483&#8243; body_font_size=\u00bb16px\u00bb body_line_height=\u00bb1.6em\u00bb animation=\u00bboff\u00bb header_font_size_tablet=\u00bb\u00bb header_font_size_phone=\u00bb18px\u00bb header_font_size_last_edited=\u00bbon|phone\u00bb locked=\u00bboff\u00bb global_colors_info=\u00bb{}\u00bb][\/et_pb_blurb][\/et_pb_column][\/et_pb_row][et_pb_row _builder_version=\u00bb4.24.2&#8243; _module_preset=\u00bbdefault\u00bb global_colors_info=\u00bb{}\u00bb][et_pb_column type=\u00bb4_4&#8243; _builder_version=\u00bb4.24.2&#8243; _module_preset=\u00bbdefault\u00bb global_colors_info=\u00bb{}\u00bb][et_pb_text _builder_version=\u00bb4.24.3&#8243; _module_preset=\u00bb5ff55506-da7d-4dd7-b409-9d62c7203201&#8243; text_font=\u00bb||||||||\u00bb text_text_color=\u00bb#303030&#8243; text_font_size=\u00bb21px\u00bb text_letter_spacing=\u00bb2px\u00bb text_line_height=\u00bb1.6em\u00bb text_font_size_tablet=\u00bb18px\u00bb text_font_size_phone=\u00bb17px\u00bb text_font_size_last_edited=\u00bbon|phone\u00bb header_font_size_tablet=\u00bb55px\u00bb header_font_size_last_edited=\u00bboff|desktop\u00bb locked=\u00bboff\u00bb global_colors_info=\u00bb{}\u00bb]<\/p>\n<p>Additionally, you will receive a detailed annual report on their development, along with the latest photo and updated information on the project progress in general. As a sponsor, your commitment makes a tangible difference in a child's life, providing them love, stability and a better future.<\/p>\n<p>[\/et_pb_text][\/et_pb_column][\/et_pb_row][et_pb_row _builder_version=\u00bb4.24.3&#8243; _module_preset=\u00bbdefault\u00bb global_colors_info=\u00bb{}\u00bb][et_pb_column type=\u00bb4_4&#8243; _builder_version=\u00bb4.24.3&#8243; _module_preset=\u00bbdefault\u00bb global_colors_info=\u00bb{}\u00bb][et_pb_blurb title=\u00bbConvierte tu compasi\u00f3n en acci\u00f3n. Apadrinar es ser la raz\u00f3n de muchas sonrisas y \u00e9xito ma\u00f1ana.\u00bb use_icon=\u00bbon\u00bb font_icon=\u00bb&#xe089;||divi||400&#8243; icon_color=\u00bb#873792&#8243; icon_placement=\u00bbleft\u00bb content_max_width=\u00bb100%\u00bb _builder_version=\u00bb4.25.0&#8243; _module_preset=\u00bba947262d-0701-4077-825d-1385639c524f\u00bb header_font=\u00bbRaleway|600|||||||\u00bb header_text_color=\u00bb#000000&#8243; header_font_size=\u00bb21px\u00bb header_letter_spacing=\u00bb1px\u00bb header_line_height=\u00bb1.4em\u00bb body_font=\u00bbDM Sans||||||||\u00bb body_text_color=\u00bb#6b8483&#8243; body_font_size=\u00bb16px\u00bb body_line_height=\u00bb1.6em\u00bb animation=\u00bboff\u00bb header_font_size_tablet=\u00bb21px\u00bb header_font_size_phone=\u00bb19px\u00bb header_font_size_last_edited=\u00bbon|phone\u00bb locked=\u00bboff\u00bb global_colors_info=\u00bb{}\u00bb][\/et_pb_blurb][et_pb_text _builder_version=\u00bb4.24.3&#8243; _module_preset=\u00bb5ff55506-da7d-4dd7-b409-9d62c7203201&#8243; text_font=\u00bb||||||||\u00bb text_text_color=\u00bb#303030&#8243; text_font_size=\u00bb21px\u00bb text_letter_spacing=\u00bb2px\u00bb text_line_height=\u00bb1.6em\u00bb text_font_size_tablet=\u00bb18px\u00bb text_font_size_phone=\u00bb17px\u00bb text_font_size_last_edited=\u00bbon|phone\u00bb header_font_size_tablet=\u00bb55px\u00bb header_font_size_last_edited=\u00bboff|desktop\u00bb locked=\u00bboff\u00bb global_colors_info=\u00bb{}\u00bb]<\/p>\n<p><span>Do you want to make a tangible difference in the life of a vulnerable girl or boy? <\/span><\/p>\n<p><span>Join our family of sponsors and make the dream of a better future come true for the boys and girls of Rajasthan. <\/span><\/p>\n<p><span>With a this monthly contribution, you will provide access to education, healthcare and nutrition, paving the way for healthy growth and opportunity.<\/span><\/p>\n<p>[\/et_pb_text][et_pb_button button_url=\u00bbhttps:\/\/asociaciondiksha.com\/programas\u00bb button_text=\u00bbApadrina Ahora\u00bb button_alignment=\u00bbcenter\u00bb _builder_version=\u00bb4.27.4&#8243; _module_preset=\u00bbdefault\u00bb custom_button=\u00bbon\u00bb button_text_color=\u00bb#FFFFFF\u00bb button_bg_color=\u00bb#873792&#8243; button_border_width=\u00bb0px\u00bb button_border_color=\u00bbRGBA(255,255,255,0)\u00bb button_border_radius=\u00bb40px\u00bb button_letter_spacing=\u00bb1px\u00bb button_font=\u00bbRaleway|500|||||||\u00bb button_icon=\u00bb&#x45;||divi||400&#8243; custom_padding=\u00bb10px||10px||true|false\u00bb hover_enabled=\u00bb0&#8243; button_text_size_tablet=\u00bb18px\u00bb button_text_size_phone=\u00bb16px\u00bb button_text_size_last_edited=\u00bbon|phone\u00bb global_colors_info=\u00bb{}\u00bb button_bg_color__hover_enabled=\u00bbon|hover\u00bb button_bg_color__hover=\u00bb#BD1D5A\u00bb button_bg_enable_color__hover=\u00bbon\u00bb sticky_enabled=\u00bb0&#8243;][\/et_pb_button][\/et_pb_column][\/et_pb_row][\/et_pb_section]<\/p>","protected":false},"excerpt":{"rendered":"<p>El V\u00ednculo de EsperanzaCon solo 0,66 \u20ac al d\u00eda, puedes transformar vidas y forjar un futuro lleno de esperanzaComo padrino o madrina de Diksha, te conviertes en el faro de esperanza y gu\u00eda para un ni\u00f1o o ni\u00f1a en Rajast\u00e1n.Tu generosidad proporciona recursos vitales como educaci\u00f3n, atenci\u00f3n m\u00e9dica y nutrici\u00f3n, tambi\u00e9n establece un v\u00ednculo especial [&hellip;]<\/p>","protected":false},"author":1,"featured_media":0,"parent":0,"menu_order":0,"comment_status":"closed","ping_status":"closed","template":"","meta":{"_et_pb_use_builder":"on","_et_pb_old_content":"","_et_gb_content_width":"","footnotes":""},"class_list":["post-426","page","type-page","status-publish","hentry"],"_links":{"self":[{"href":"https:\/\/asociaciondiksha.com\/en\/wp-json\/wp\/v2\/pages\/426","targetHints":{"allow":["GET"]}}],"collection":[{"href":"https:\/\/asociaciondiksha.com\/en\/wp-json\/wp\/v2\/pages"}],"about":[{"href":"https:\/\/asociaciondiksha.com\/en\/wp-json\/wp\/v2\/types\/page"}],"author":[{"embeddable":true,"href":"https:\/\/asociaciondiksha.com\/en\/wp-json\/wp\/v2\/users\/1"}],"replies":[{"embeddable":true,"href":"https:\/\/asociaciondiksha.com\/en\/wp-json\/wp\/v2\/comments?post=426"}],"version-history":[{"count":7,"href":"https:\/\/asociaciondiksha.com\/en\/wp-json\/wp\/v2\/pages\/426\/revisions"}],"predecessor-version":[{"id":493,"href":"https:\/\/asociaciondiksha.com\/en\/wp-json\/wp\/v2\/pages\/426\/revisions\/493"}],"wp:attachment":[{"href":"https:\/\/asociaciondiksha.com\/en\/wp-json\/wp\/v2\/media?parent=426"}],"curies":[{"name":"wp","href":"https:\/\/api.w.org\/{rel}","templated":true}]}}